{"id":1488,"date":"2025-07-10T09:44:48","date_gmt":"2025-07-10T09:44:48","guid":{"rendered":"https:\/\/casbahlajeanne.com\/home-2\/"},"modified":"2025-07-28T14:45:05","modified_gmt":"2025-07-28T14:45:05","slug":"home-2","status":"publish","type":"page","link":"https:\/\/casbahlajeanne.com\/fr\/","title":{"rendered":"Accueil"},"content":{"rendered":"<div class=\"wp-block-uagb-container uagb-block-0510ccec alignfull uagb-is-root-container\"><div class=\"uagb-container-inner-blocks-wrap\">\n<div class=\"wp-block-uagb-container uagb-block-5cb4b1bf\">\n<div class=\"wp-block-uagb-info-box uagb-block-7368a642 uagb-infobox__content-wrap  uagb-infobox-icon-above-title uagb-infobox-image-valign-top\"><div class=\"uagb-ifb-content\"><div class=\"uagb-ifb-title-wrap\"><h4 class=\"uagb-ifb-title-prefix\">Bienvenue \u00e0 la Casbah La Jeanne<\/h4><h1 class=\"uagb-ifb-title\">Votre havre de paix au c\u0153ur de la vall\u00e9e du Dad\u00e8s<\/h1><\/div><p class=\"uagb-ifb-desc\">Entrez dans un monde d\u2019authenticit\u00e9 et de s\u00e9r\u00e9nit\u00e9. \u00c0 la Casbah La Jeanne, nous vous invitons \u00e0 vous d\u00e9tendre, explorer et profiter de la v\u00e9ritable hospitalit\u00e9 marocaine, entour\u00e9 par une nature \u00e0 couper le souffle et une culture riche.<\/p><\/div><\/div>\n\n\n\n<div class=\"wp-block-uagb-container uagb-block-f1cd73ec\"><div class=\"latepoint-book-button-wrapper wp-block-button latepoint-book-button-align-left\"><a href=\"#\" class=\"latepoint-book-button os_trigger_booking wp-block-button__link latepoint-book-button-ctnbu30d0-1744621526468\" >R\u00e9servez maintenant<\/a><\/div><\/div>\n<\/div>\n<\/div><\/div>\n\n\n\n<div class=\"wp-block-uagb-container uagb-block-7b830887 alignfull uagb-is-root-container\"><div class=\"uagb-container-inner-blocks-wrap\">\n<div class=\"wp-block-uagb-advanced-heading uagb-block-c4252b01\"><h2 class=\"uagb-heading-text\">Profitez pleinement de votre s\u00e9jour parmi nous.<\/h2><p class=\"uagb-desc-text\">\u00c0 la Casbah La Jeanne, nous offrons bien plus qu\u2019un simple lieu o\u00f9 dormir \u2013 nous proposons une exp\u00e9rience ancr\u00e9e dans la nature, la culture et la chaleureuse hospitalit\u00e9 berb\u00e8re.<\/p><\/div>\n\n\n\n<div class=\"wp-block-uagb-container uagb-block-2b53f7b7\"><div class=\"latepoint-book-button-wrapper wp-block-button\"><a href=\"#\" class=\"latepoint-book-button os_trigger_booking wp-block-button__link latepoint-book-button-1aq0rlh3z-1749019508247\" >R\u00e9servez votre s\u00e9jour.<\/a><\/div><\/div>\n\n\n\n<div class=\"wp-block-uagb-container uagb-block-4d4d48d6\">\n<div class=\"wp-block-uagb-container uagb-block-e35a1fde\">\n<div class=\"wp-block-uagb-info-box uagb-block-318f4bee uagb-infobox__content-wrap  uagb-infobox-icon-above-title uagb-infobox-image-valign-top\"><div class=\"uagb-ifb-content\"><div class=\"uagb-ifb-icon-wrap\"><svg xmlns=\"https:\/\/www.w3.org\/2000\/svg\" viewbox=\"0 0 512 512\"><path d=\"M490.3 40.4C512.2 62.27 512.2 97.73 490.3 119.6L460.3 149.7L362.3 51.72L392.4 21.66C414.3-.2135 449.7-.2135 471.6 21.66L490.3 40.4zM172.4 241.7L339.7 74.34L437.7 172.3L270.3 339.6C264.2 345.8 256.7 350.4 248.4 353.2L159.6 382.8C150.1 385.6 141.5 383.4 135 376.1C128.6 370.5 126.4 361 129.2 352.4L158.8 263.6C161.6 255.3 166.2 247.8 172.4 241.7V241.7zM192 63.1C209.7 63.1 224 78.33 224 95.1C224 113.7 209.7 127.1 192 127.1H96C78.33 127.1 64 142.3 64 159.1V416C64 433.7 78.33 448 96 448H352C369.7 448 384 433.7 384 416V319.1C384 302.3 398.3 287.1 416 287.1C433.7 287.1 448 302.3 448 319.1V416C448 469 405 512 352 512H96C42.98 512 0 469 0 416V159.1C0 106.1 42.98 63.1 96 63.1H192z\"><\/path><\/svg><\/div><div class=\"uagb-ifb-title-wrap\"><h4 class=\"uagb-ifb-title\"><strong>Cuisine authentique.<\/strong><\/h4><\/div><p class=\"uagb-ifb-desc\">Savourez des plats marocains frais, pr\u00e9par\u00e9s avec amour \u00e0 partir d\u2019ingr\u00e9dients locaux.<\/p><\/div><\/div>\n<\/div>\n\n\n\n<div class=\"wp-block-uagb-container uagb-block-f0fb8981\">\n<div class=\"wp-block-uagb-info-box uagb-block-c2361e87 uagb-infobox__content-wrap  uagb-infobox-icon-above-title uagb-infobox-image-valign-top\"><div class=\"uagb-ifb-content\"><div class=\"uagb-ifb-icon-wrap\"><svg xmlns=\"https:\/\/www.w3.org\/2000\/svg\" viewbox=\"0 0 576 512\"><path d=\"M128 160C128 142.3 142.3 128 160 128H288C305.7 128 320 142.3 320 160V256C320 273.7 305.7 288 288 288H160C142.3 288 128 273.7 128 256V160zM288 320C323.3 320 352 291.3 352 256V224H416C433.7 224 448 238.3 448 256V352C448 369.7 433.7 384 416 384H288C270.3 384 256 369.7 256 352V320H288zM32 119.4C12.87 108.4 0 87.69 0 64C0 28.65 28.65 0 64 0C87.69 0 108.4 12.87 119.4 32H456.6C467.6 12.87 488.3 0 512 0C547.3 0 576 28.65 576 64C576 87.69 563.1 108.4 544 119.4V392.6C563.1 403.6 576 424.3 576 448C576 483.3 547.3 512 512 512C488.3 512 467.6 499.1 456.6 480H119.4C108.4 499.1 87.69 512 64 512C28.65 512 0 483.3 0 448C0 424.3 12.87 403.6 32 392.6V119.4zM119.4 96C113.8 105.7 105.7 113.8 96 119.4V392.6C105.7 398.2 113.8 406.3 119.4 416H456.6C462.2 406.3 470.3 398.2 480 392.6V119.4C470.3 113.8 462.2 105.7 456.6 96H119.4z\"><\/path><\/svg><\/div><div class=\"uagb-ifb-title-wrap\"><h4 class=\"uagb-ifb-title\"><strong><strong>Chambres confortables<\/strong><\/strong><\/h4><\/div><p class=\"uagb-ifb-desc\">D\u00e9cor traditionnel, ambiance paisible et lits douillets pour que vous vous sentiez comme chez vous.<\/p><\/div><\/div>\n<\/div>\n\n\n\n<div class=\"wp-block-uagb-container uagb-block-fb564294\">\n<div class=\"wp-block-uagb-info-box uagb-block-0a431fb6 uagb-infobox__content-wrap  uagb-infobox-icon-above-title uagb-infobox-image-valign-top\"><div class=\"uagb-ifb-content\"><div class=\"uagb-ifb-icon-wrap\"><svg xmlns=\"https:\/\/www.w3.org\/2000\/svg\" viewbox=\"0 0 512 512\"><path d=\"M511.6 36.86l-64 415.1c-1.5 9.734-7.375 18.22-15.97 23.05c-4.844 2.719-10.27 4.097-15.68 4.097c-4.188 0-8.319-.8154-12.29-2.472l-122.6-51.1l-50.86 76.29C226.3 508.5 219.8 512 212.8 512C201.3 512 192 502.7 192 491.2v-96.18c0-7.115 2.372-14.03 6.742-19.64L416 96l-293.7 264.3L19.69 317.5C8.438 312.8 .8125 302.2 .0625 289.1s5.469-23.72 16.06-29.77l448-255.1c10.69-6.109 23.88-5.547 34 1.406S513.5 24.72 511.6 36.86z\"><\/path><\/svg><\/div><div class=\"uagb-ifb-title-wrap\"><h4 class=\"uagb-ifb-title\">Excursions dans la vall\u00e9e du Dad\u00e8s<\/h4><\/div><p class=\"uagb-ifb-desc\">Laissez-nous vous guider \u00e0 travers des paysages \u00e0 couper le souffle, des kasbahs et des sentiers secrets.<\/p><\/div><\/div>\n<\/div>\n\n\n\n<div class=\"wp-block-uagb-container uagb-block-44e897c5\">\n<div class=\"wp-block-uagb-info-box uagb-block-aab0c17a uagb-infobox__content-wrap  uagb-infobox-icon-above-title uagb-infobox-image-valign-top\"><div class=\"uagb-ifb-content\"><div class=\"uagb-ifb-icon-wrap\"><svg xmlns=\"https:\/\/www.w3.org\/2000\/svg\" viewbox=\"0 0 384 512\"><path d=\"M112.1 454.3c0 6.297 1.816 12.44 5.284 17.69l17.14 25.69c5.25 7.875 17.17 14.28 26.64 14.28h61.67c9.438 0 21.36-6.401 26.61-14.28l17.08-25.68c2.938-4.438 5.348-12.37 5.348-17.7L272 415.1h-160L112.1 454.3zM191.4 .0132C89.44 .3257 16 82.97 16 175.1c0 44.38 16.44 84.84 43.56 115.8c16.53 18.84 42.34 58.23 52.22 91.45c.0313 .25 .0938 .5166 .125 .7823h160.2c.0313-.2656 .0938-.5166 .125-.7823c9.875-33.22 35.69-72.61 52.22-91.45C351.6 260.8 368 220.4 368 175.1C368 78.61 288.9-.2837 191.4 .0132zM192 96.01c-44.13 0-80 35.89-80 79.1C112 184.8 104.8 192 96 192S80 184.8 80 176c0-61.76 50.25-111.1 112-111.1c8.844 0 16 7.159 16 16S200.8 96.01 192 96.01z\"><\/path><\/svg><\/div><div class=\"uagb-ifb-title-wrap\"><h4 class=\"uagb-ifb-title\"><strong><strong>D\u00e9tente &amp; Paysages<\/strong>\u200b<\/strong><\/h4><\/div><p class=\"uagb-ifb-desc\">D\u00e9tendez-vous sur la terrasse sur le toit et admirez le coucher de soleil sur les montagnes.<\/p><\/div><\/div>\n<\/div>\n\n\n\n<div class=\"wp-block-uagb-container uagb-block-6ecad6e4\">\n<div class=\"wp-block-uagb-info-box uagb-block-1e58973e uagb-infobox__content-wrap  uagb-infobox-icon-above-title uagb-infobox-image-valign-top\"><div class=\"uagb-ifb-content\"><div class=\"uagb-ifb-icon-wrap\"><svg xmlns=\"https:\/\/www.w3.org\/2000\/svg\" viewbox=\"0 0 576 512\"><path d=\"M512 32C547.3 32 576 60.65 576 96V128H0V96C0 60.65 28.65 32 64 32H512zM576 416C576 451.3 547.3 480 512 480H64C28.65 480 0 451.3 0 416V224H576V416zM112 352C103.2 352 96 359.2 96 368C96 376.8 103.2 384 112 384H176C184.8 384 192 376.8 192 368C192 359.2 184.8 352 176 352H112zM240 384H368C376.8 384 384 376.8 384 368C384 359.2 376.8 352 368 352H240C231.2 352 224 359.2 224 368C224 376.8 231.2 384 240 384z\"><\/path><\/svg><\/div><div class=\"uagb-ifb-title-wrap\"><h4 class=\"uagb-ifb-title\"><strong><strong><strong>S\u00e9jour propre et confortable<\/strong>\u200b<\/strong><\/strong><\/h4><\/div><p class=\"uagb-ifb-desc\">Profitez de chambres impeccables avec de charmantes touches berb\u00e8res. Nous veillons \u00e0 vous offrir un environnement paisible et hygi\u00e9nique pour votre confort.<\/p><\/div><\/div>\n<\/div>\n\n\n\n<div class=\"wp-block-uagb-container uagb-block-a021c308\">\n<div class=\"wp-block-uagb-info-box uagb-block-ddf22a23 uagb-infobox__content-wrap  uagb-infobox-icon-above-title uagb-infobox-image-valign-top\"><div class=\"uagb-ifb-content\"><div class=\"uagb-ifb-icon-wrap\"><svg xmlns=\"https:\/\/www.w3.org\/2000\/svg\" viewbox=\"0 0 512 512\"><path d=\"M256 0C114.6 0 0 114.6 0 256s114.6 256 256 256s256-114.6 256-256S397.4 0 256 0zM256 128c39.77 0 72 32.24 72 72S295.8 272 256 272c-39.76 0-72-32.24-72-72S216.2 128 256 128zM256 448c-52.93 0-100.9-21.53-135.7-56.29C136.5 349.9 176.5 320 224 320h64c47.54 0 87.54 29.88 103.7 71.71C356.9 426.5 308.9 448 256 448z\"><\/path><\/svg><\/div><div class=\"uagb-ifb-title-wrap\"><h4 class=\"uagb-ifb-title\"><strong> <\/strong><br><strong><strong>\u00c9quipe locale serviable<\/strong><\/strong>\u200b\u200b<\/h4><\/div><p class=\"uagb-ifb-desc\">Notre personnel accueillant est toujours \u00e0 votre disposition \u2014 que ce soit pour organiser vos excursions, vous donner des conseils locaux ou g\u00e9rer vos transports.<\/p><\/div><\/div>\n<\/div>\n<\/div>\n<\/div><\/div>\n\n\n\n<div class=\"wp-block-uagb-container uagb-block-4bf68d2c alignfull uagb-is-root-container\"><div class=\"uagb-container-inner-blocks-wrap\">\n<div class=\"wp-block-uagb-advanced-heading uagb-block-3f15a6cb\"><h2 class=\"uagb-heading-text\">Nos Chambres<\/h2><p class=\"uagb-desc-text\">D\u00e9couvrez le charme et le confort de nos chambres marocaines traditionnelles. Chaque espace est d\u00e9cor\u00e9 de mani\u00e8re unique avec des touches berb\u00e8res locales, offrant un s\u00e9jour paisible et authentique au c\u0153ur de la vall\u00e9e du Dad\u00e8s.<\/p><\/div>\n\n\n\n<div class=\"wp-block-uagb-container uagb-block-08b23a9b\">\n<div class=\"wp-block-uagb-image uagb-block-a7c3c2df wp-block-uagb-image--layout-default wp-block-uagb-image--effect-static wp-block-uagb-image--align-none\"><figure class=\"wp-block-uagb-image__figure\"><img loading=\"lazy\" decoding=\"async\" srcset=\"https:\/\/casbahlajeanne.com\/wp-content\/uploads\/2025\/07\/kasbah.png ,https:\/\/casbahlajeanne.com\/wp-content\/uploads\/2025\/07\/kasbah.png 780w, https:\/\/casbahlajeanne.com\/wp-content\/uploads\/2025\/07\/kasbah.png 360w\" sizes=\"auto, (max-width: 480px) 150px\" src=\"https:\/\/casbahlajeanne.com\/wp-content\/uploads\/2025\/07\/kasbah.png\" alt=\"\" class=\"uag-image-3309\" width=\"625\" height=\"625\" title=\"kasbah\" role=\"img\"\/><\/figure><\/div>\n\n\n\n<div class=\"wp-block-uagb-image uagb-block-1e3c49d5 wp-block-uagb-image--layout-default wp-block-uagb-image--effect-static wp-block-uagb-image--align-none\"><figure class=\"wp-block-uagb-image__figure\"><img loading=\"lazy\" decoding=\"async\" srcset=\"https:\/\/casbahlajeanne.com\/wp-content\/uploads\/2025\/07\/kasbah1.png ,https:\/\/casbahlajeanne.com\/wp-content\/uploads\/2025\/07\/kasbah1.png 780w, https:\/\/casbahlajeanne.com\/wp-content\/uploads\/2025\/07\/kasbah1.png 360w\" sizes=\"auto, (max-width: 480px) 150px\" src=\"https:\/\/casbahlajeanne.com\/wp-content\/uploads\/2025\/07\/kasbah1.png\" alt=\"\" class=\"uag-image-3310\" width=\"625\" height=\"625\" title=\"kasbah1\" role=\"img\"\/><\/figure><\/div>\n\n\n\n<div class=\"wp-block-uagb-image uagb-block-bc4f23dd wp-block-uagb-image--layout-default wp-block-uagb-image--effect-static wp-block-uagb-image--align-none\"><figure class=\"wp-block-uagb-image__figure\"><img loading=\"lazy\" decoding=\"async\" srcset=\"https:\/\/casbahlajeanne.com\/wp-content\/uploads\/2025\/07\/1.png ,https:\/\/casbahlajeanne.com\/wp-content\/uploads\/2025\/07\/1.png 780w, https:\/\/casbahlajeanne.com\/wp-content\/uploads\/2025\/07\/1.png 360w\" sizes=\"auto, (max-width: 480px) 150px\" src=\"https:\/\/casbahlajeanne.com\/wp-content\/uploads\/2025\/07\/1.png\" alt=\"\" class=\"uag-image-3312\" width=\"625\" height=\"625\" title=\"1\" role=\"img\"\/><\/figure><\/div>\n\n\n\n<div class=\"wp-block-uagb-image uagb-block-11fffcd0 wp-block-uagb-image--layout-default wp-block-uagb-image--effect-static wp-block-uagb-image--align-none\"><figure class=\"wp-block-uagb-image__figure\"><img loading=\"lazy\" decoding=\"async\" srcset=\"https:\/\/casbahlajeanne.com\/wp-content\/uploads\/2025\/07\/\u0645\u0634\u0631\u0648\u0639-\u062c\u062f\u064a\u062f.png ,https:\/\/casbahlajeanne.com\/wp-content\/uploads\/2025\/07\/\u0645\u0634\u0631\u0648\u0639-\u062c\u062f\u064a\u062f.png 780w, https:\/\/casbahlajeanne.com\/wp-content\/uploads\/2025\/07\/\u0645\u0634\u0631\u0648\u0639-\u062c\u062f\u064a\u062f.png 360w\" sizes=\"auto, (max-width: 480px) 150px\" src=\"https:\/\/casbahlajeanne.com\/wp-content\/uploads\/2025\/07\/\u0645\u0634\u0631\u0648\u0639-\u062c\u062f\u064a\u062f.png\" alt=\"\" class=\"uag-image-3313\" width=\"625\" height=\"625\" title=\"\u0645\u0634\u0631\u0648\u0639 \u062c\u062f\u064a\u062f\" role=\"img\"\/><\/figure><\/div>\n<\/div>\n\n\n\n<div class=\"wp-block-uagb-buttons uagb-buttons__outer-wrap uagb-btn__default-btn uagb-btn-tablet__default-btn uagb-btn-mobile__default-btn uagb-block-77a31664\"><div class=\"uagb-buttons__wrap uagb-buttons-layout-wrap\">\n<div class=\"wp-block-uagb-buttons-child uagb-buttons__outer-wrap uagb-block-cc514627 wp-block-button\"><div class=\"uagb-button__wrapper\"><a class=\"uagb-buttons-repeater wp-block-button__link\" aria-label=\"\" href=\"#\" rel=\"follow noopener\" target=\"_blank\" role=\"button\"><div class=\"uagb-button__link\">R\u00e9servez une chambre<\/div><\/a><\/div><\/div>\n<\/div><\/div>\n\n\n\n<div class=\"wp-block-uagb-advanced-heading uagb-block-75815616\"><h2 class=\"uagb-heading-text\">Our Guests<\/h2><p class=\"uagb-desc-text\"><br>\u00c0 la Casbah La Jeanne, nous accueillons des voyageurs du monde entier en qu\u00eate d\u2019authenticit\u00e9, de tranquillit\u00e9 et d\u2019un lien avec la nature. Que vous exploriez les Gorges du Dad\u00e8s ou que vous cherchiez simplement un refuge paisible, nos invit\u00e9s deviennent membres de notre grande famille.<\/p><\/div>\n<\/div><\/div>\n\n\n\n<div class=\"wp-block-uagb-container uagb-block-dbe96949 alignfull uagb-is-root-container\"><div class=\"uagb-container-inner-blocks-wrap\">\n<div class=\"wp-block-uagb-advanced-heading uagb-block-609b96ec\"><h2 class=\"uagb-heading-text\">Meet Our Leadership\u200b\u200b<\/h2><p class=\"uagb-desc-text\">Lorem ipsum dolor sit amet, consectetuer adipiscing elit. Suspendisse et justo. Praesent mattis commodo augue.\u200b<\/p><\/div>\n\n\n\n<div class=\"wp-block-uagb-container uagb-block-95751d1b\">\n<div class=\"wp-block-uagb-info-box uagb-block-706d5349 uagb-infobox__content-wrap  uagb-infobox-icon-above-title uagb-infobox-image-valign-top\"><div class=\"uagb-ifb-content\"><div class=\"uagb-ifb-image-content\"><img loading=\"lazy\" decoding=\"async\" src=\"https:\/\/casbahlajeanne.com\/wp-content\/uploads\/2025\/07\/\u0645\u0634\u0631\u0648\u0639-\u062c\u062f\u064a\u062f-1.png\" alt=\"\" width=\"500\" height=\"500\"\/><\/div><div class=\"uagb-ifb-title-wrap\"><h4 class=\"uagb-ifb-title\">Joanne Williams\u200b<\/h4><\/div><p class=\"uagb-ifb-desc\">Founder\u200b<\/p><\/div><\/div>\n\n\n\n<div class=\"wp-block-uagb-info-box uagb-block-fe892ec1 uagb-infobox__content-wrap  uagb-infobox-icon-above-title uagb-infobox-image-valign-top\"><div class=\"uagb-ifb-content\"><div class=\"uagb-ifb-image-content\"><img loading=\"lazy\" decoding=\"async\" src=\"https:\/\/casbahlajeanne.com\/wp-content\/uploads\/2025\/07\/\u0645\u0634\u0631\u0648\u0639-\u062c\u062f\u064a\u062f-2-300x300.png\" alt=\"\" width=\"500\" height=\"500\"\/><\/div><div class=\"uagb-ifb-title-wrap\"><h4 class=\"uagb-ifb-title\">Fred Buster\u200b<\/h4><\/div><p class=\"uagb-ifb-desc\">Director OPS\u200b\u200b<\/p><\/div><\/div>\n\n\n\n<div class=\"wp-block-uagb-info-box uagb-block-c020c02d uagb-infobox__content-wrap  uagb-infobox-icon-above-title uagb-infobox-image-valign-top\"><div class=\"uagb-ifb-content\"><div class=\"uagb-ifb-image-content\"><img loading=\"lazy\" decoding=\"async\" src=\"https:\/\/casbahlajeanne.com\/wp-content\/uploads\/2025\/07\/gdb59f6cc267196640d43912853cfed854f98a970dca879f7c911c9470b599256946394c45ae56fbf674aae7fb0d16f9c58b823361237f58a02c9b44c776533e4_1280-4774930-150x150.jpg\" alt=\"kanio, morocco, dades, africa, mountains, the valley of the, landscape, african, nature, beautiful, strait, gorge, travels, tourism, car, way, serpentine, turns, car wallpapers, threat\" width=\"500\" height=\"500\"\/><\/div><div class=\"uagb-ifb-title-wrap\"><h4 class=\"uagb-ifb-title\">Lisa Hoffman\u200b\u200b<\/h4><\/div><p class=\"uagb-ifb-desc\">Director HR\u200b\u200b<\/p><\/div><\/div>\n<\/div>\n<\/div><\/div>\n\n\n\n<div class=\"wp-block-uagb-container uagb-block-b997312a alignfull uagb-is-root-container\"><div class=\"uagb-container-inner-blocks-wrap\">\n<div class=\"wp-block-uagb-container uagb-layout-grid uagb-block-005fba1f\">\n<div class=\"wp-block-uagb-advanced-heading uagb-block-12865cae\"><h3 class=\"uagb-heading-text\">Commencez votre voyage marocain authentique avec nous.<\/h3><p class=\"uagb-desc-text\">La Casbah La Jeanne offre un charme marocain authentique et un confort paisible au c\u0153ur de la vall\u00e9e du Dad\u00e8s. D\u00e9tendez-vous, explorez et profitez de la v\u00e9ritable hospitalit\u00e9, entour\u00e9 d\u2019une nature splendide.<\/p><\/div>\n\n\n\n<div class=\"wp-block-uagb-buttons uagb-buttons__outer-wrap uagb-btn__default-btn uagb-btn-tablet__default-btn uagb-btn-mobile__default-btn uagb-block-2c953428\"><div class=\"uagb-buttons__wrap uagb-buttons-layout-wrap\">\n<div class=\"wp-block-uagb-buttons-child uagb-buttons__outer-wrap uagb-block-8bb4b826 wp-block-button\"><div class=\"uagb-button__wrapper\"><a class=\"uagb-buttons-repeater wp-block-button__link\" aria-label=\"\" href=\"https:\/\/www.booking.com\/hotel\/ma\/casbah-d-ha-te-tourisme-a-c-cologique.ar.html?aid=356980&amp;label=gog235jc-10CAsojAFCJWNhc2JhaC1kLWhhLXRlLXRvdXJpc21lLWEtYy1jb2xvZ2lxdWVIDVgDaIwBiAEBmAEzuAEXyAEM2AED6AEB-AEBiAIBqAIBuALno53EBsACAdICJDgyZTZmMGU4LTcxZTQtNDNkZS05ZmI0LTdhMTBlMmYwYzE2Y9gCAeACAQ&amp;sid=c7ddadf9bb1fe4c5504c610c6200b406&amp;dest_id=-27436&amp;dest_type=city&amp;dist=0&amp;group_adults=2&amp;group_children=0&amp;hapos=1&amp;hpos=1&amp;no_rooms=1&amp;req_adults=2&amp;req_children=0&amp;room1=A%2CA&amp;sb_price_type=total&amp;sr_order=popularity&amp;srepoch=1753698899&amp;srpvid=71869123f5cc6ccc5874a9b8cdd422c0&amp;type=total&amp;ucfs=1&amp;\" rel=\"follow noopener\" target=\"_self\" role=\"button\"><div class=\"uagb-button__link\">R\u00c9SERVEZ MAINTENANT<\/div><\/a><\/div><\/div>\n<\/div><\/div>\n<\/div>\n<\/div><\/div>\n\n\n\n<p><\/p>","protected":false},"excerpt":{"rendered":"<p>Enjoy Your Stay With Us At Casbah La Jeanne, we offer more than just a place to sleep we offer an experience rooted in nature, culture, and warm Berber hospitality. Our Rooms Discover the charm and comfort of our traditional Moroccan rooms. Each space is uniquely decorated with local Berber touches, offering a peaceful and [&hellip;]<\/p>","protected":false},"author":1,"featured_media":0,"parent":0,"menu_order":0,"comment_status":"closed","ping_status":"closed","template":"","meta":{"_uag_custom_page_level_css":"","site-sidebar-layout":"no-sidebar","site-content-layout":"page-builder","ast-site-content-layout":"full-width-container","site-content-style":"unboxed","site-sidebar-style":"unboxed","ast-global-header-display":"","ast-banner-title-visibility":"","ast-main-header-display":"","ast-hfb-above-header-display":"","ast-hfb-below-header-display":"","ast-hfb-mobile-header-display":"","site-post-title":"disabled","ast-breadcrumbs-content":"","ast-featured-img":"disabled","footer-sml-layout":"","theme-transparent-header-meta":"enabled","adv-header-id-meta":"","stick-header-meta":"","header-above-stick-meta":"","header-main-stick-meta":"","header-below-stick-meta":"","astra-migrate-meta-layouts":"set","ast-page-background-enabled":"default","ast-page-background-meta":{"desktop":{"background-color":"","background-image":"","background-repeat":"repeat","background-position":"center center","background-size":"auto","background-attachment":"scroll","background-type":"","background-media":"","overlay-type":"","overlay-color":"","overlay-opacity":"","overlay-gradient":""},"tablet":{"background-color":"","background-image":"","background-repeat":"repeat","background-position":"center center","background-size":"auto","background-attachment":"scroll","background-type":"","background-media":"","overlay-type":"","overlay-color":"","overlay-opacity":"","overlay-gradient":""},"mobile":{"background-color":"","background-image":"","background-repeat":"repeat","background-position":"center center","background-size":"auto","background-attachment":"scroll","background-type":"","background-media":"","overlay-type":"","overlay-color":"","overlay-opacity":"","overlay-gradient":""}},"ast-content-background-meta":{"desktop":{"background-color":"var(--ast-global-color-5)","background-image":"","background-repeat":"repeat","background-position":"center center","background-size":"auto","background-attachment":"scroll","background-type":"","background-media":"","overlay-type":"","overlay-color":"","overlay-opacity":"","overlay-gradient":""},"tablet":{"background-color":"var(--ast-global-color-5)","background-image":"","background-repeat":"repeat","background-position":"center center","background-size":"auto","background-attachment":"scroll","background-type":"","background-media":"","overlay-type":"","overlay-color":"","overlay-opacity":"","overlay-gradient":""},"mobile":{"background-color":"var(--ast-global-color-5)","background-image":"","background-repeat":"repeat","background-position":"center center","background-size":"auto","background-attachment":"scroll","background-type":"","background-media":"","overlay-type":"","overlay-color":"","overlay-opacity":"","overlay-gradient":""}},"footnotes":""},"class_list":["post-1488","page","type-page","status-publish","hentry"],"aioseo_notices":[],"uagb_featured_image_src":{"full":false,"thumbnail":false,"medium":false,"medium_large":false,"large":false,"1536x1536":false,"2048x2048":false,"trp-custom-language-flag":false},"uagb_author_info":{"display_name":"contact.commlab@gmail.com","author_link":"https:\/\/casbahlajeanne.com\/fr\/author\/contact-commlabgmail-com\/"},"uagb_comment_info":0,"uagb_excerpt":"Enjoy Your Stay With Us At Casbah La Jeanne, we offer more than just a place to sleep we offer an experience rooted in nature, culture, and warm Berber hospitality. Our Rooms Discover the charm and comfort of our traditional Moroccan rooms. Each space is uniquely decorated with local Berber touches, offering a peaceful and\u2026","_links":{"self":[{"href":"https:\/\/casbahlajeanne.com\/fr\/wp-json\/wp\/v2\/pages\/1488","targetHints":{"allow":["GET"]}}],"collection":[{"href":"https:\/\/casbahlajeanne.com\/fr\/wp-json\/wp\/v2\/pages"}],"about":[{"href":"https:\/\/casbahlajeanne.com\/fr\/wp-json\/wp\/v2\/types\/page"}],"author":[{"embeddable":true,"href":"https:\/\/casbahlajeanne.com\/fr\/wp-json\/wp\/v2\/users\/1"}],"replies":[{"embeddable":true,"href":"https:\/\/casbahlajeanne.com\/fr\/wp-json\/wp\/v2\/comments?post=1488"}],"version-history":[{"count":12,"href":"https:\/\/casbahlajeanne.com\/fr\/wp-json\/wp\/v2\/pages\/1488\/revisions"}],"predecessor-version":[{"id":3354,"href":"https:\/\/casbahlajeanne.com\/fr\/wp-json\/wp\/v2\/pages\/1488\/revisions\/3354"}],"wp:attachment":[{"href":"https:\/\/casbahlajeanne.com\/fr\/wp-json\/wp\/v2\/media?parent=1488"}],"curies":[{"name":"wp","href":"https:\/\/api.w.org\/{rel}","templated":true}]}}