{"id":1490,"date":"2025-07-10T09:44:48","date_gmt":"2025-07-10T09:44:48","guid":{"rendered":"https:\/\/casbahlajeanne.com\/about-2\/"},"modified":"2025-07-28T14:29:09","modified_gmt":"2025-07-28T14:29:09","slug":"about-2","status":"publish","type":"page","link":"https:\/\/casbahlajeanne.com\/fr\/about-2\/","title":{"rendered":"\u00c0 propos"},"content":{"rendered":"<div class=\"wp-block-uagb-container uagb-block-78fbda14 alignfull uagb-is-root-container\"><div class=\"uagb-container-inner-blocks-wrap\">\n<div class=\"wp-block-uagb-info-box uagb-block-38b626f9 uagb-infobox__content-wrap  uagb-infobox-icon-above-title uagb-infobox-image-valign-top\"><div class=\"uagb-ifb-content\"><div class=\"uagb-ifb-title-wrap\"><h1 class=\"uagb-ifb-title-prefix\">\u00c0 propos de nous<\/h1><h4 class=\"uagb-ifb-title\">Bienvenue \u00e0 la Casbah La Jeanne<\/h4><\/div><p class=\"uagb-ifb-desc\">Nich\u00e9e au c\u0153ur de la vall\u00e9e du Dad\u00e8s, la Casbah La Jeanne est bien plus qu\u2019un simple lieu de s\u00e9jour \u2014 c\u2019est une maison o\u00f9 l\u2019authenticit\u00e9 rencontre le confort. Construite avec des mat\u00e9riaux naturels et guid\u00e9e par des valeurs durables, notre maison d\u2019h\u00f4tes offre un refuge chaleureux entour\u00e9 de paysages \u00e0 couper le souffle.<\/p><\/div><\/div>\n<\/div><\/div>\n\n\n\n<div class=\"wp-block-uagb-container uagb-block-0682ea1d alignfull uagb-is-root-container\"><div class=\"uagb-container-inner-blocks-wrap\">\n<div class=\"wp-block-uagb-container uagb-block-d904cbea\">\n<div class=\"wp-block-uagb-container uagb-block-37158dbe\">\n<div class=\"wp-block-uagb-info-box uagb-block-1d62cba7 uagb-infobox__content-wrap  uagb-infobox-icon-above-title uagb-infobox-image-valign-top\"><div class=\"uagb-ifb-content\"><div class=\"uagb-ifb-title-wrap\"><div class=\"uagb-ifb-separator\"><\/div><h3 class=\"uagb-ifb-title\">Notre philosophie<\/h3><\/div><p class=\"uagb-ifb-desc\">We believe in <strong>slow travel<\/strong>les \u00e9changes culturels et les exp\u00e9riences enrichissantes. Notre objectif est de faire en sorte que chaque invit\u00e9 se sente comme un membre de notre grande famille, tout en pr\u00e9servant la beaut\u00e9 et l\u2019\u00e2me de notre terre.<\/p><\/div><\/div>\n<\/div>\n\n\n\n<div class=\"wp-block-uagb-container uagb-block-75bd7c61\">\n<div class=\"wp-block-uagb-info-box uagb-block-4eb4800b uagb-infobox__content-wrap  uagb-infobox-icon-above-title uagb-infobox-image-valign-top\"><div class=\"uagb-ifb-content\"><div class=\"uagb-ifb-title-wrap\"><div class=\"uagb-ifb-separator\"><\/div><h3 class=\"uagb-ifb-title\">Notre mission<\/h3><\/div><p class=\"uagb-ifb-desc\"><br>Offrir une exp\u00e9rience authentique, confortable et respectueuse de l\u2019environnement, qui c\u00e9l\u00e8bre le patrimoine marocain et relie les visiteurs \u00e0 la beaut\u00e9 naturelle et aux traditions de la r\u00e9gion du Dad\u00e8s.<\/p><\/div><\/div>\n<\/div>\n\n\n\n<div class=\"wp-block-uagb-container uagb-block-bb6ae8ac\">\n<div class=\"wp-block-uagb-info-box uagb-block-4f0b567b uagb-infobox__content-wrap  uagb-infobox-icon-above-title uagb-infobox-image-valign-top\"><div class=\"uagb-ifb-content\"><div class=\"uagb-ifb-title-wrap\"><div class=\"uagb-ifb-separator\"><\/div><h3 class=\"uagb-ifb-title\">Ce que nous offrons<\/h3><\/div><\/div><\/div>\n\n\n\n<div class=\"wp-block-uagb-icon-list uagb-block-0df84fb5\"><div class=\"uagb-icon-list__wrap\">\n<div class=\"wp-block-uagb-icon-list-child uagb-block-53ee477b\"><span class=\"uagb-icon-list__label\">Chambres traditionnelles et chaleureuses<br>Cuisine marocaine faite maison<br>Visites guid\u00e9es et activit\u00e9s locales<br>Pratiques respectueuses de l\u2019environnement<br>Hospitalit\u00e9 multilingue<br>R\u00e9servation via Booking.com et contact direct<\/span><\/div>\n<\/div><\/div>\n<\/div>\n<\/div>\n<\/div><\/div>\n\n\n\n<div class=\"wp-block-uagb-container uagb-block-4e055757 alignfull uagb-is-root-container\"><div class=\"uagb-container-inner-blocks-wrap\"><\/div><\/div>\n\n\n\n<div class=\"wp-block-uagb-container uagb-block-47c5e8d5 default uagb-is-root-container\">\n<div class=\"wp-block-uagb-container uagb-block-9c40ba52\"><\/div>\n\n\n\n<div class=\"wp-block-uagb-container uagb-block-1ef07dee\">\n<div class=\"wp-block-uagb-advanced-heading uagb-block-f5effed3\"><h2 class=\"uagb-heading-text\">Pourquoi nous choisir ?<\/h2><p class=\"uagb-desc-text\">\u2728 Exp\u00e9rience berb\u00e8re authentique<br>\ud83c\udf3f \u00c9cologique et g\u00e9r\u00e9 localement<br>\ud83e\uddfc S\u00e9jour propre, confortable et paisible<br>\ud83d\udcf8 Vues panoramiques des gorges du Dad\u00e8s<br>\ud83e\udd1d Service amical et personnalis\u00e9<br>\ud83d\uddfa\ufe0f Base id\u00e9ale pour explorer le sud du Maroc<\/p><\/div>\n\n\n\n<div class=\"wp-block-uagb-container uagb-block-78b4f44e\"><\/div>\n<\/div>\n<\/div>\n\n\n\n<div class=\"wp-block-uagb-container uagb-block-4dc8cdb9 alignfull uagb-is-root-container\"><div class=\"uagb-container-inner-blocks-wrap\">\n<div class=\"wp-block-uagb-container uagb-block-f844dda9\">\n<div class=\"wp-block-uagb-advanced-heading uagb-block-6717def3\"><h4 class=\"uagb-heading-text\">Quelques chiffres<\/h4><\/div>\n<\/div>\n\n\n\n<div class=\"wp-block-uagb-container uagb-layout-grid uagb-block-93831099\">\n<div class=\"wp-block-uagb-advanced-heading uagb-block-39617ae8\"><h2 class=\"uagb-heading-text\">50<\/h2><\/div>\n\n\n\n<div class=\"wp-block-uagb-advanced-heading uagb-block-eb867dff\"><h6 class=\"uagb-heading-text\">Un aper\u00e7u de l\u2019exp\u00e9rience Casbah La Jeanne :<br>\ud83e\uddf3 <\/h6><\/div>\n<\/div>\n\n\n\n<div class=\"wp-block-uagb-container uagb-layout-grid uagb-block-47fbacb7\">\n<div class=\"wp-block-uagb-advanced-heading uagb-block-9f1d8b26\"><h2 class=\"uagb-heading-text\">8<\/h2><\/div>\n\n\n\n<div class=\"wp-block-uagb-advanced-heading uagb-block-330e01e2\"><h6 class=\"uagb-heading-text\">\ud83d\udecf\ufe0f <br>Chambres traditionnelles confortables<\/h6><\/div>\n<\/div>\n\n\n\n<div class=\"wp-block-uagb-container uagb-layout-grid uagb-block-f6b4aaf0\">\n<div class=\"wp-block-uagb-advanced-heading uagb-block-93805e0c\"><h2 class=\"uagb-heading-text\">10<\/h2><\/div>\n\n\n\n<div class=\"wp-block-uagb-advanced-heading uagb-block-5fe24bc6\"><h6 class=\"uagb-heading-text\">\ud83d\udcc6 <br>Des ann\u00e9es d\u2019hospitalit\u00e9 authentique<\/h6><\/div>\n<\/div>\n\n\n\n<div class=\"wp-block-uagb-container uagb-layout-grid uagb-block-8aa43e19\">\n<div class=\"wp-block-uagb-advanced-heading uagb-block-039aacd0\"><h2 class=\"uagb-heading-text\"> <strong>100<\/strong><\/h2><\/div>\n\n\n\n<div class=\"wp-block-uagb-advanced-heading uagb-block-19e9dc33\"><h6 class=\"uagb-heading-text\">\ud83c\udf0d<br>Propri\u00e9t\u00e9 locale et gestion familiale<\/h6><\/div>\n<\/div>\n<\/div><\/div>\n\n\n\n<div class=\"wp-block-uagb-container uagb-block-688c973c alignfull uagb-is-root-container\"><div class=\"uagb-container-inner-blocks-wrap\">\n<div class=\"wp-block-uagb-container uagb-layout-grid uagb-block-7c3671d3\">\n<div class=\"wp-block-uagb-advanced-heading uagb-block-12865cae\"><h3 class=\"uagb-heading-text\">Pr\u00eat \u00e0 r\u00e9server votre s\u00e9jour ?<\/h3><p class=\"uagb-desc-text\">Que vous pr\u00e9pariez une escapade paisible ou une aventure dans les gorges du Dad\u00e8s, nous sommes l\u00e0 pour vous accueillir avec confort, chaleur et une hospitalit\u00e9 marocaine authentique.<\/p><\/div>\n\n\n\n<div class=\"wp-block-uagb-buttons uagb-buttons__outer-wrap uagb-btn__default-btn uagb-btn-tablet__default-btn uagb-btn-mobile__default-btn uagb-block-bd3036e5\"><div class=\"uagb-buttons__wrap uagb-buttons-layout-wrap\">\n<div class=\"wp-block-uagb-buttons-child uagb-buttons__outer-wrap uagb-block-d862191c wp-block-button\"><div class=\"uagb-button__wrapper\"><a class=\"uagb-buttons-repeater wp-block-button__link\" aria-label=\"\" href=\"#\" rel=\"follow noopener\" target=\"_self\" role=\"button\"><div class=\"uagb-button__link\">R\u00e9servez maintenant<\/div><\/a><\/div><\/div>\n<\/div><\/div>\n<\/div>\n<\/div><\/div>","protected":false},"excerpt":{"rendered":"<p>Why Choose Us?\u200b \u2728 Authentic Berber Experience\ud83c\udf3f Eco-Friendly &amp; Locally Run\ud83e\uddfc Clean, Comfortable, and Peaceful Stay\ud83d\udcf8 Panoramic Views of the Dades Gorges\ud83e\udd1d Friendly &amp; Personalized Service\ud83d\uddfa\ufe0f Perfect Base for Exploring Southern Morocco Some Numbers\u200b 50 A glimpse into the Casbah La Jeanne experience:\ud83e\uddf3 8 \ud83d\udecf\ufe0f Comfortable Traditional Rooms 10 \ud83d\udcc6 Years of Authentic Hospitality 100 [&hellip;]<\/p>","protected":false},"author":1,"featured_media":0,"parent":0,"menu_order":0,"comment_status":"closed","ping_status":"closed","template":"","meta":{"_uag_custom_page_level_css":"","site-sidebar-layout":"no-sidebar","site-content-layout":"page-builder","ast-site-content-layout":"full-width-container","site-content-style":"unboxed","site-sidebar-style":"unboxed","ast-global-header-display":"","ast-banner-title-visibility":"","ast-main-header-display":"","ast-hfb-above-header-display":"","ast-hfb-below-header-display":"","ast-hfb-mobile-header-display":"","site-post-title":"disabled","ast-breadcrumbs-content":"","ast-featured-img":"disabled","footer-sml-layout":"","theme-transparent-header-meta":"enabled","adv-header-id-meta":"","stick-header-meta":"","header-above-stick-meta":"","header-main-stick-meta":"","header-below-stick-meta":"","astra-migrate-meta-layouts":"set","ast-page-background-enabled":"default","ast-page-background-meta":{"desktop":{"background-color":"","background-image":"","background-repeat":"repeat","background-position":"center center","background-size":"auto","background-attachment":"scroll","background-type":"","background-media":"","overlay-type":"","overlay-color":"","overlay-opacity":"","overlay-gradient":""},"tablet":{"background-color":"","background-image":"","background-repeat":"repeat","background-position":"center center","background-size":"auto","background-attachment":"scroll","background-type":"","background-media":"","overlay-type":"","overlay-color":"","overlay-opacity":"","overlay-gradient":""},"mobile":{"background-color":"","background-image":"","background-repeat":"repeat","background-position":"center center","background-size":"auto","background-attachment":"scroll","background-type":"","background-media":"","overlay-type":"","overlay-color":"","overlay-opacity":"","overlay-gradient":""}},"ast-content-background-meta":{"desktop":{"background-color":"var(--ast-global-color-5)","background-image":"","background-repeat":"repeat","background-position":"center center","background-size":"auto","background-attachment":"scroll","background-type":"","background-media":"","overlay-type":"","overlay-color":"","overlay-opacity":"","overlay-gradient":""},"tablet":{"background-color":"var(--ast-global-color-5)","background-image":"","background-repeat":"repeat","background-position":"center center","background-size":"auto","background-attachment":"scroll","background-type":"","background-media":"","overlay-type":"","overlay-color":"","overlay-opacity":"","overlay-gradient":""},"mobile":{"background-color":"var(--ast-global-color-5)","background-image":"","background-repeat":"repeat","background-position":"center center","background-size":"auto","background-attachment":"scroll","background-type":"","background-media":"","overlay-type":"","overlay-color":"","overlay-opacity":"","overlay-gradient":""}},"footnotes":""},"class_list":["post-1490","page","type-page","status-publish","hentry"],"aioseo_notices":[],"uagb_featured_image_src":{"full":false,"thumbnail":false,"medium":false,"medium_large":false,"large":false,"1536x1536":false,"2048x2048":false,"trp-custom-language-flag":false},"uagb_author_info":{"display_name":"contact.commlab@gmail.com","author_link":"https:\/\/casbahlajeanne.com\/fr\/author\/contact-commlabgmail-com\/"},"uagb_comment_info":0,"uagb_excerpt":"Why Choose Us?\u200b \u2728 Authentic Berber Experience\ud83c\udf3f Eco-Friendly &amp; Locally Run\ud83e\uddfc Clean, Comfortable, and Peaceful Stay\ud83d\udcf8 Panoramic Views of the Dades Gorges\ud83e\udd1d Friendly &amp; Personalized Service\ud83d\uddfa\ufe0f Perfect Base for Exploring Southern Morocco Some Numbers\u200b 50 A glimpse into the Casbah La Jeanne experience:\ud83e\uddf3 8 \ud83d\udecf\ufe0f Comfortable Traditional Rooms 10 \ud83d\udcc6 Years of Authentic Hospitality 100\u2026","_links":{"self":[{"href":"https:\/\/casbahlajeanne.com\/fr\/wp-json\/wp\/v2\/pages\/1490","targetHints":{"allow":["GET"]}}],"collection":[{"href":"https:\/\/casbahlajeanne.com\/fr\/wp-json\/wp\/v2\/pages"}],"about":[{"href":"https:\/\/casbahlajeanne.com\/fr\/wp-json\/wp\/v2\/types\/page"}],"author":[{"embeddable":true,"href":"https:\/\/casbahlajeanne.com\/fr\/wp-json\/wp\/v2\/users\/1"}],"replies":[{"embeddable":true,"href":"https:\/\/casbahlajeanne.com\/fr\/wp-json\/wp\/v2\/comments?post=1490"}],"version-history":[{"count":4,"href":"https:\/\/casbahlajeanne.com\/fr\/wp-json\/wp\/v2\/pages\/1490\/revisions"}],"predecessor-version":[{"id":3348,"href":"https:\/\/casbahlajeanne.com\/fr\/wp-json\/wp\/v2\/pages\/1490\/revisions\/3348"}],"wp:attachment":[{"href":"https:\/\/casbahlajeanne.com\/fr\/wp-json\/wp\/v2\/media?parent=1490"}],"curies":[{"name":"wp","href":"https:\/\/api.w.org\/{rel}","templated":true}]}}